{"id":822,"date":"2026-04-07T19:11:35","date_gmt":"2026-04-07T19:11:35","guid":{"rendered":"https:\/\/nelipro.ee\/?post_type=product&#038;p=822"},"modified":"2026-04-07T19:36:45","modified_gmt":"2026-04-07T19:36:45","slug":"neli-pro-s1-max-elektritoukeratas","status":"publish","type":"product","link":"https:\/\/nelipro.ee\/?product=neli-pro-s1-max-elektritoukeratas","title":{"rendered":"Neli Pro S1 Max elektrit\u00f5ukeratas"},"content":{"rendered":"<p data-start=\"0\" data-end=\"295\">Neli Pro S1 Max elektrit\u00f5ukeratas on varustatud 350 W mootoriga, mis tagab sujuva kiirenduse, hea m\u00e4kket\u00f5usuv\u00f5ime ja kuni 25 km\/h tippkiiruse, et linnas mugavalt liigelda. Nii igap\u00e4evastel s\u00f5itudel kui ka n\u00e4dalavahetuse v\u00e4ljas\u00f5itudel aitab selle j\u00f5u\u00fclekanne hoida s\u00f5idu stabiilse ja sujuvana.<\/p>\n<p data-start=\"297\" data-end=\"530\">Mudeli 36 V \/ 10,5 Ah aku toetab mootori v\u00f5imekust, v\u00f5imaldades \u00fche laadimisega l\u00e4bida kuni 39 km. Aku t\u00e4islaadimine v\u00f5tab umbes 7 tundi, mis t\u00e4hendab v\u00e4hem laadimiskordi ja rohkem vabadust liikuda ilma pideva aku p\u00e4rast muretsemata.<\/p>\n<p data-start=\"532\" data-end=\"1036\" data-is-last-node=\"\" data-is-only-node=\"\">Neli Pro S1 Max on varustatud vastupidavate 8-tolliste torkekindlate ning l\u00f6\u00f6ke summutavate rehvidega, mis aitavad paremini toime tulla ebatasase tee ja v\u00e4iksemate konarustega. T\u00f5ukeratta raam on valmistatud kvaliteetsest alumiiniumisulamist, mis muudab selle \u00fchtaegu kergeks ja vastupidavaks ning aitab s\u00e4ilitada hea juhitavuse ja kindla s\u00f5idutunde. Lisaks v\u00f5imaldab intuitiivne kokkuklapitav mehhanism t\u00f5ukeratta vaid m\u00f5ne sekundiga kompaktseks voltida, tehes hoiustamise ja transportimise eriti mugavaks.<\/p>\n","protected":false},"excerpt":{"rendered":"<p>Neli Pro S1 Max elektrit\u00f5ukeratas on varustatud 350 W mootoriga, mis tagab sujuva kiirenduse, hea m\u00e4kket\u00f5usuv\u00f5ime ja kuni 25 km\/h [&hellip;]<\/p>\n","protected":false},"featured_media":826,"template":"","meta":{"_angie_page":false,"site-sidebar-layout":"default","site-content-layout":"","ast-site-content-layout":"default","site-content-style":"default","site-sidebar-style":"default","ast-global-header-display":"","ast-banner-title-visibility":"","ast-main-header-display":"","ast-hfb-above-header-display":"","ast-hfb-below-header-display":"","ast-hfb-mobile-header-display":"","site-post-title":"","ast-breadcrumbs-content":"","ast-featured-img":"","footer-sml-layout":"","ast-disable-related-posts":"","theme-transparent-header-meta":"default","adv-header-id-meta":"","stick-header-meta":"","header-above-stick-meta":"","header-main-stick-meta":"","header-below-stick-meta":"","astra-migrate-meta-layouts":"set","ast-page-background-enabled":"default","ast-page-background-meta":{"desktop":{"background-color":"var(--ast-global-color-5)","background-image":"","background-repeat":"repeat","background-position":"center center","background-size":"auto","background-attachment":"scroll","background-type":"","background-media":"","overlay-type":"","overlay-color":"","overlay-opacity":"","overlay-gradient":""},"tablet":{"background-color":"","background-image":"","background-repeat":"repeat","background-position":"center center","background-size":"auto","background-attachment":"scroll","background-type":"","background-media":"","overlay-type":"","overlay-color":"","overlay-opacity":"","overlay-gradient":""},"mobile":{"background-color":"","background-image":"","background-repeat":"repeat","background-position":"center center","background-size":"auto","background-attachment":"scroll","background-type":"","background-media":"","overlay-type":"","overlay-color":"","overlay-opacity":"","overlay-gradient":""}},"ast-content-background-meta":{"desktop":{"background-color":"var(--ast-global-color-4)","background-image":"","background-repeat":"repeat","background-position":"center center","background-size":"auto","background-attachment":"scroll","background-type":"","background-media":"","overlay-type":"","overlay-color":"","overlay-opacity":"","overlay-gradient":""},"tablet":{"background-color":"var(--ast-global-color-4)","background-image":"","background-repeat":"repeat","background-position":"center center","background-size":"auto","background-attachment":"scroll","background-type":"","background-media":"","overlay-type":"","overlay-color":"","overlay-opacity":"","overlay-gradient":""},"mobile":{"background-color":"var(--ast-global-color-4)","background-image":"","background-repeat":"repeat","background-position":"center center","background-size":"auto","background-attachment":"scroll","background-type":"","background-media":"","overlay-type":"","overlay-color":"","overlay-opacity":"","overlay-gradient":""}}},"product_brand":[],"product_cat":[26],"product_tag":[],"class_list":{"0":"post-822","1":"product","2":"type-product","3":"status-publish","4":"has-post-thumbnail","6":"product_cat-elektritoukeratas","7":"desktop-align-left","8":"tablet-align-left","9":"mobile-align-left","11":"first","12":"instock","13":"shipping-taxable","14":"purchasable","15":"product-type-simple"},"_links":{"self":[{"href":"https:\/\/nelipro.ee\/index.php?rest_route=\/wp\/v2\/product\/822","targetHints":{"allow":["GET"]}}],"collection":[{"href":"https:\/\/nelipro.ee\/index.php?rest_route=\/wp\/v2\/product"}],"about":[{"href":"https:\/\/nelipro.ee\/index.php?rest_route=\/wp\/v2\/types\/product"}],"wp:featuredmedia":[{"embeddable":true,"href":"https:\/\/nelipro.ee\/index.php?rest_route=\/wp\/v2\/media\/826"}],"wp:attachment":[{"href":"https:\/\/nelipro.ee\/index.php?rest_route=%2Fwp%2Fv2%2Fmedia&parent=822"}],"wp:term":[{"taxonomy":"product_brand","embeddable":true,"href":"https:\/\/nelipro.ee\/index.php?rest_route=%2Fwp%2Fv2%2Fproduct_brand&post=822"},{"taxonomy":"product_cat","embeddable":true,"href":"https:\/\/nelipro.ee\/index.php?rest_route=%2Fwp%2Fv2%2Fproduct_cat&post=822"},{"taxonomy":"product_tag","embeddable":true,"href":"https:\/\/nelipro.ee\/index.php?rest_route=%2Fwp%2Fv2%2Fproduct_tag&post=822"}],"curies":[{"name":"wp","href":"https:\/\/api.w.org\/{rel}","templated":true}]}}